{"id":22382,"date":"2021-08-23T19:44:39","date_gmt":"2021-08-23T19:44:39","guid":{"rendered":"https:\/\/drheclinic.com\/?page_id=22382"},"modified":"2023-03-17T14:41:36","modified_gmt":"2023-03-17T14:41:36","slug":"brustverkleinerung-und-bruststraffung","status":"publish","type":"page","link":"https:\/\/drheclinic.com\/de\/brustverkleinerung-und-bruststraffung\/","title":{"rendered":"Brustverkleinerung und Bruststraffung"},"content":{"rendered":"<div class=\"vgblk-rw-wrapper limit-wrapper\"><a href=\"https:\/\/drheclinic.com\/de\/brustverkleinerung-istanbul-turkei\/\">Brustverkleinerung<\/a> und <a href=\"https:\/\/drheclinic.com\/de\/bruststraffung-istanbul-turkei\/\">Bruststraffung<\/a>; Ja, diese beiden Operationen k\u00f6nnen zusammen durchgef\u00fchrt werden. Da es bei der Brustoperation 3 Arten gibt, k\u00f6nnen Sie zwei Arten zusammen haben, n\u00e4mlich Brustverkleinerung und Bruststraffung.<\/p>\n<figure id=\"attachment_27731\" aria-describedby=\"caption-attachment-27731\" style=\"width: 1000px\" class=\"wp-caption aligncenter\"><img decoding=\"async\" class=\"size-full wp-image-27731\" src=\"https:\/\/drheclinic.com\/wp-content\/uploads\/2022\/05\/brustverkleinerung-und-bruststraffung.webp\" alt=\"Brustverkleinerung und Bruststraffung\" width=\"1000\" height=\"301\" srcset=\"https:\/\/drheclinic.com\/wp-content\/uploads\/2022\/05\/brustverkleinerung-und-bruststraffung.webp 1000w, https:\/\/drheclinic.com\/wp-content\/uploads\/2022\/05\/brustverkleinerung-und-bruststraffung-300x90.webp 300w, https:\/\/drheclinic.com\/wp-content\/uploads\/2022\/05\/brustverkleinerung-und-bruststraffung-768x231.webp 768w, https:\/\/drheclinic.com\/wp-content\/uploads\/2022\/05\/brustverkleinerung-und-bruststraffung-680x205.webp 680w, https:\/\/drheclinic.com\/wp-content\/uploads\/2022\/05\/brustverkleinerung-und-bruststraffung-453x136.webp 453w, https:\/\/drheclinic.com\/wp-content\/uploads\/2022\/05\/brustverkleinerung-und-bruststraffung-906x273.webp 906w, https:\/\/drheclinic.com\/wp-content\/uploads\/2022\/05\/brustverkleinerung-und-bruststraffung-340x102.webp 340w\" sizes=\"(max-width: 1000px) 100vw, 1000px\" \/><figcaption id=\"caption-attachment-27731\" class=\"wp-caption-text\">Brustverkleinerung und Bruststraffung<\/figcaption><\/figure>\n<p>Aufgrund der physiologischen Struktur, der \u00d6strogenempfindlichkeit und des Hormon\u00fcberschusses werden Br\u00fcste, die gr\u00f6\u00dfer sind als sie sein sollten und die Person st\u00f6ren, korrigiert. Sie wird gedehnt, indem Br\u00fcste geformt werden, die im Alter und beim Stillen ihre Elastizit\u00e4t verloren haben oder eine schlaffe Struktur haben.<\/p>\n<p>&nbsp;<\/p>\n<div id=\"ez-toc-container\" class=\"ez-toc-v2_0_56_1 counter-hierarchy ez-toc-counter ez-toc-grey ez-toc-container-direction\">\n<label for=\"ez-toc-cssicon-toggle-item-69f4c9be59629\" class=\"ez-toc-cssicon-toggle-label\"><span class=\"\"><span style=\"display:none;\">Toggle<\/span><span class=\"ez-toc-icon-toggle-span\"><svg style=\"fill: #999;color:#999\" xmlns=\"http:\/\/www.w3.org\/2000\/svg\" class=\"list-377408\" width=\"20px\" height=\"20px\" viewBox=\"0 0 24 24\" fill=\"none\"><path d=\"M6 6H4v2h2V6zm14 0H8v2h12V6zM4 11h2v2H4v-2zm16 0H8v2h12v-2zM4 16h2v2H4v-2zm16 0H8v2h12v-2z\" fill=\"currentColor\"><\/path><\/svg><svg style=\"fill: #999;color:#999\" class=\"arrow-unsorted-368013\" xmlns=\"http:\/\/www.w3.org\/2000\/svg\" width=\"10px\" height=\"10px\" viewBox=\"0 0 24 24\" version=\"1.2\" baseProfile=\"tiny\"><path d=\"M18.2 9.3l-6.2-6.3-6.2 6.3c-.2.2-.3.4-.3.7s.1.5.3.7c.2.2.4.3.7.3h11c.3 0 .5-.1.7-.3.2-.2.3-.5.3-.7s-.1-.5-.3-.7zM5.8 14.7l6.2 6.3 6.2-6.3c.2-.2.3-.5.3-.7s-.1-.5-.3-.7c-.2-.2-.4-.3-.7-.3h-11c-.3 0-.5.1-.7.3-.2.2-.3.5-.3.7s.1.5.3.7z\"\/><\/svg><\/span><\/span><\/label><input type=\"checkbox\"  id=\"ez-toc-cssicon-toggle-item-69f4c9be59629\"  aria-label=\"Toggle\" \/><nav><ul class='ez-toc-list ez-toc-list-level-1 ' ><li class='ez-toc-page-1 ez-toc-heading-level-2'><a class=\"ez-toc-link ez-toc-heading-1\" href=\"https:\/\/drheclinic.com\/de\/brustverkleinerung-und-bruststraffung\/#Wie_ist_der_Genesungsprozess_beider_Operationen\" title=\"Wie ist der Genesungsprozess beider Operationen?\">Wie ist der Genesungsprozess beider Operationen?<\/a><\/li><li class='ez-toc-page-1 ez-toc-heading-level-2'><a class=\"ez-toc-link ez-toc-heading-2\" href=\"https:\/\/drheclinic.com\/de\/brustverkleinerung-und-bruststraffung\/#Welche_Risiken_bestehen_bei_beiden_Operationen\" title=\"Welche Risiken bestehen bei beiden Operationen?\">Welche Risiken bestehen bei beiden Operationen?<\/a><\/li><li class='ez-toc-page-1 ez-toc-heading-level-2'><a class=\"ez-toc-link ez-toc-heading-3\" href=\"https:\/\/drheclinic.com\/de\/brustverkleinerung-und-bruststraffung\/#Was_kostet_Brustverkleinerung_und_%E2%80%93Straffung_in_Deutschland\" title=\"Was kostet Brustverkleinerung und \u2013Straffung in Deutschland?\">Was kostet Brustverkleinerung und \u2013Straffung in Deutschland?<\/a><\/li><li class='ez-toc-page-1 ez-toc-heading-level-2'><a class=\"ez-toc-link ez-toc-heading-4\" href=\"https:\/\/drheclinic.com\/de\/brustverkleinerung-und-bruststraffung\/#Wo_ist_die_guenstigste_der_beiden_Operationen\" title=\"Wo ist die g\u00fcnstigste der beiden Operationen?\">Wo ist die g\u00fcnstigste der beiden Operationen?<\/a><\/li><\/ul><\/nav><\/div>\n<h2><span class=\"ez-toc-section\" id=\"Wie_ist_der_Genesungsprozess_beider_Operationen\"><\/span>Wie ist der Genesungsprozess beider Operationen?<span class=\"ez-toc-section-end\"><\/span><\/h2>\n<p>Nach Brustverkleinerungsoperationen, bei denen eine oder beide Br\u00fcste verkleinert werden, sollte man f\u00fcr mindestens eine Woche nicht zur Arbeit oder zur Schule gehen. Obwohl der Genesungsprozess von Person zu Person unterschiedlich ist, sollte beachtet werden, dass in der Regel eine zweiw\u00f6chige Ruhepause erforderlich ist. Die Warnungen der Chirurgen, was nach einer Brustverkleinerung zu beachten ist, sollten befolgt werden. Intensive k\u00f6rperliche Aktivit\u00e4t sollte einen Monat lang vermieden werden. Es ist normal, dass sich die Person nach einer Brustverkleinerung m\u00fcde f\u00fchlt und Schmerzen in der Brust hat. Wenn eine vollst\u00e4ndige Genesung eintritt, wird das Selbstvertrauen der Frauen zunehmen; Die Schmerzen und Probleme, die sie aufgrund gro\u00dfer Br\u00fcste erfahren, werden verschwinden.<\/p>\n<p>&nbsp;<\/p>\n<p>Schwellungen und Bluterg\u00fcsse k\u00f6nnen nach einer Bruststraffungsoperation in den Br\u00fcsten auftreten, die gleichzeitig oder allein mit Brustvergr\u00f6\u00dferungs- und Brustverkleinerungsoperationen durchgef\u00fchrt werden kann. Obwohl das \u00d6dem normalerweise innerhalb von zwei Wochen verschwindet, k\u00f6nnen R\u00f6tungen, Taubheitsgef\u00fchle in den Brustwarzen, Brustwarzen und Brust etwa 6 Wochen anhalten. Das Gewicht sollte nach einer Bruststraffungsoperation nicht angehoben werden und intensive k\u00f6rperliche Aktivit\u00e4ten sollten vermieden werden, bis die Chirurgen zustimmen. Es ist notwendig, einige Monate zu warten, bis die Br\u00fcste ihre volle Form annehmen; Operationsnarben verlieren mit der Zeit ihre R\u00f6tung und werden blass.<\/p>\n<p>&nbsp;<\/p>\n<h2><span class=\"ez-toc-section\" id=\"Welche_Risiken_bestehen_bei_beiden_Operationen\"><\/span>Welche Risiken bestehen bei beiden Operationen?<span class=\"ez-toc-section-end\"><\/span><\/h2>\n<p>Obwohl die \u00e4sthetische Chirurgie eines der sich am schnellsten ver\u00e4ndernden und sich am schnellsten entwickelnden Felder in der Medizin ist, ist eine Operation ohne Narben nicht m\u00f6glich. Aus diesem Grund sind die Vorstellungen und Erwartungen der Person an die Operation sehr wichtig. Vor der Operation sollte der Patient ausreichend und realistisch aufgekl\u00e4rt werden. Der Patient muss jedes Thema gr\u00fcndlich verstehen. Gerade junge Patientinnen sollten die Narben durch die Operation und m\u00f6gliche Sch\u00e4den an den Brustdr\u00fcsen verstehen und sich bei der Entscheidung f\u00fcr eine Operation entsprechend entscheiden. Obwohl die Br\u00fcste bei der Brustvergr\u00f6\u00dferung bei jungen M\u00e4dchen verkleinert sind, kann es manchmal zu einem Nachwachsen kommen.<\/p>\n<p>&nbsp;<\/p>\n<p>Da bei der Operationstechnik kein Durchtrennen der Milchg\u00e4nge erforderlich ist, ist das Stillen bei einer sp\u00e4teren Geburt der Patientin kein Problem. Spezifische Komplikationen, die aufgrund von Durchblutungsst\u00f6rungen sehr selten auftreten k\u00f6nnen, sind Nekrose des Fettgewebes oder des Brustwarzengewebes. Stiche werden in 12-15 Tagen entfernt. Nach der Operation kann der Patient in den ersten ein oder zwei Tagen \u00fcber Schmerzen klagen. Diese Schmerzen werden mit Schmerzmitteln gelindert.<\/p>\n<p>&nbsp;<\/p>\n<h2><span class=\"ez-toc-section\" id=\"Was_kostet_Brustverkleinerung_und_%E2%80%93Straffung_in_Deutschland\"><\/span>Was kostet Brustverkleinerung und \u2013Straffung in Deutschland?<span class=\"ez-toc-section-end\"><\/span><\/h2>\n<p>Die Preise f\u00fcr eine Brustverkleinerung werden nach den Bed\u00fcrfnissen der Patientin abgekl\u00e4rt. Denn einige Patienten k\u00f6nnen verlangen, dass das Verfahren w\u00e4hrend der Operation mit verschiedenen Anwendungen kombiniert wird. Dies kann sich direkt auf die Preise auswirken. Die Operation zur Brustverkleinerung wird in Abh\u00e4ngigkeit von der verwendeten Technik, der Erwartung der Patientin und der Erfahrung des Arztes festgelegt. Brustverkleinerungen aufgrund von \u00e4sthetischen und einigen gesundheitlichen Problemen werden gegen Geb\u00fchr durchgef\u00fchrt.<\/p>\n<p>&nbsp;<\/p>\n<p>Brustverkleinerungsoperationen, die eine kostspielige Operation sind, werden nicht von AOK abgedeckt. Daher sollten Patientinnen, die sich einer Brustverkleinerung unterziehen m\u00f6chten, eine Vorstellung von den Preisen haben. Denn der Patient muss f\u00fcr den Eingriff ein bestimmtes Budget zur Verf\u00fcgung stellen.<\/p>\n<p>&nbsp;<\/p>\n<p>In Deutschland sind \u00e4sthetische Operationen privat und werden nicht von AOK abgedeckt, so dass Bruststraffungsoperationen nicht zu den Operationen geh\u00f6ren, die von SSI abgedeckt werden. Die Patientin zahlt f\u00fcr die Bruststraffung, bei der es sich um eine \u00e4sthetische Operation handelt. In der Regel kosten beide Operationen in Deutschland zwischen 15.000 und 19.500 Euro.<\/p>\n<figure id=\"attachment_27763\" aria-describedby=\"caption-attachment-27763\" style=\"width: 866px\" class=\"wp-caption aligncenter\"><img decoding=\"async\" class=\"size-full wp-image-27763\" src=\"https:\/\/drheclinic.com\/wp-content\/uploads\/2022\/05\/wo-ist-die-gunstigste-der-beiden-operationen-brustverkleinerung-und-bruststraffung.webp\" alt=\"Brustverkleinerung und Bruststraffung\" width=\"866\" height=\"500\" srcset=\"https:\/\/drheclinic.com\/wp-content\/uploads\/2022\/05\/wo-ist-die-gunstigste-der-beiden-operationen-brustverkleinerung-und-bruststraffung.webp 866w, https:\/\/drheclinic.com\/wp-content\/uploads\/2022\/05\/wo-ist-die-gunstigste-der-beiden-operationen-brustverkleinerung-und-bruststraffung-300x173.webp 300w, https:\/\/drheclinic.com\/wp-content\/uploads\/2022\/05\/wo-ist-die-gunstigste-der-beiden-operationen-brustverkleinerung-und-bruststraffung-768x443.webp 768w, https:\/\/drheclinic.com\/wp-content\/uploads\/2022\/05\/wo-ist-die-gunstigste-der-beiden-operationen-brustverkleinerung-und-bruststraffung-680x393.webp 680w, https:\/\/drheclinic.com\/wp-content\/uploads\/2022\/05\/wo-ist-die-gunstigste-der-beiden-operationen-brustverkleinerung-und-bruststraffung-453x262.webp 453w, https:\/\/drheclinic.com\/wp-content\/uploads\/2022\/05\/wo-ist-die-gunstigste-der-beiden-operationen-brustverkleinerung-und-bruststraffung-340x196.webp 340w\" sizes=\"(max-width: 866px) 100vw, 866px\" \/><figcaption id=\"caption-attachment-27763\" class=\"wp-caption-text\">Brustverkleinerung und Bruststraffung<\/figcaption><\/figure>\n<h2><span class=\"ez-toc-section\" id=\"Wo_ist_die_guenstigste_der_beiden_Operationen\"><\/span>Wo ist die g\u00fcnstigste der beiden Operationen?<span class=\"ez-toc-section-end\"><\/span><\/h2>\n<p>Die Preise f\u00fcr Bruststraffungs- und Verkleinerungsoperationen variieren je nach dem bevorzugten Anwendungsmodell und der f\u00fcr die Anwendung festgelegten Preisspanne. Die Bruststraffung ist eine der Anwendungen der \u00e4sthetischen Chirurgie, die auf Wunsch der Patientinnen durchgef\u00fchrt wird. Eine Bruststraffungsoperation, die Erschlaffungen und Deformit\u00e4ten in der Bruststruktur vollst\u00e4ndig beseitigt, bietet den Patientinnen eine dauerhafte und endg\u00fcltige L\u00f6sung. Sie k\u00f6nnen die besten Preise in der T\u00fcrkei finden und der allgemeine Preis betr\u00e4gt \u20ac4.950,00<\/p><\/div>\n<p><!-- .vgblk-rw-wrapper --><\/p>\n","protected":false},"excerpt":{"rendered":"<p>Brustverkleinerung und Bruststraffung; Ja, diese beiden Operationen k\u00f6nnen zusammen durchgef\u00fchrt werden. Da es bei der Brustoperation 3 Arten gibt, k\u00f6nnen Sie zwei Arten zusammen haben, n\u00e4mlich Brustverkleinerung und Bruststraffung. Aufgrund der physiologischen Struktur, der \u00d6strogenempfindlichkeit und des Hormon\u00fcberschusses werden Br\u00fcste, die gr\u00f6\u00dfer sind als sie sein sollten und die Person st\u00f6ren, korrigiert. Sie wird gedehnt,&#8230;<\/p>\n","protected":false},"author":1,"featured_media":0,"parent":0,"menu_order":0,"comment_status":"closed","ping_status":"closed","template":"","meta":{"inline_featured_image":false,"footnotes":""},"_links":{"self":[{"href":"https:\/\/drheclinic.com\/de\/wp-json\/wp\/v2\/pages\/22382"}],"collection":[{"href":"https:\/\/drheclinic.com\/de\/wp-json\/wp\/v2\/pages"}],"about":[{"href":"https:\/\/drheclinic.com\/de\/wp-json\/wp\/v2\/types\/page"}],"author":[{"embeddable":true,"href":"https:\/\/drheclinic.com\/de\/wp-json\/wp\/v2\/users\/1"}],"replies":[{"embeddable":true,"href":"https:\/\/drheclinic.com\/de\/wp-json\/wp\/v2\/comments?post=22382"}],"version-history":[{"count":0,"href":"https:\/\/drheclinic.com\/de\/wp-json\/wp\/v2\/pages\/22382\/revisions"}],"wp:attachment":[{"href":"https:\/\/drheclinic.com\/de\/wp-json\/wp\/v2\/media?parent=22382"}],"curies":[{"name":"wp","href":"https:\/\/api.w.org\/{rel}","templated":true}]}}