{"id":22375,"date":"2021-08-23T19:41:39","date_gmt":"2021-08-23T19:41:39","guid":{"rendered":"https:\/\/drheclinic.com\/?page_id=22375"},"modified":"2023-02-02T13:47:21","modified_gmt":"2023-02-02T13:47:21","slug":"bauchdeckenstraffung-brustvergroesserung-in-einer-op","status":"publish","type":"page","link":"https:\/\/drheclinic.com\/de\/bauchdeckenstraffung-brustvergroesserung-in-einer-op\/","title":{"rendered":"Bauchdeckenstraffung und Brustvergr\u00f6\u00dferung in Einer OP"},"content":{"rendered":"<div class=\"vgblk-rw-wrapper limit-wrapper\">Viele Menschen interessiert es, ob man Operationen in einem Durchlauf durchf\u00fchren kann, damit man nicht gleich zweimal eine Narkose bekommt und der Genesungsprozess einmalig durchgezogen werden kann. Eines davon ist die Bauchdeckenstraffung kombiniert mit einer Brustvergr\u00f6\u00dferungLeider wird von \u00c4rzten so eine Durchf\u00fchrung nicht empfohlen. Grund daf\u00fcr ist es, dass beide Operationen schwierig durchzuf\u00fchren sind. Der Operateur verbringt alleine f\u00fcr eine dieser Operation 3-4 Stunden am OP-Tisch. Beide Operationen am gleichen Tag durchzuf\u00fchren w\u00e4re sowohl f\u00fcr den Arzt nicht gesund, als auch nicht f\u00fcr Ihren K\u00f6rper.<\/p>\n<figure id=\"attachment_27374\" aria-describedby=\"caption-attachment-27374\" style=\"width: 1000px\" class=\"wp-caption aligncenter\"><img decoding=\"async\" class=\"size-full wp-image-27374\" src=\"https:\/\/drheclinic.com\/wp-content\/uploads\/2022\/04\/bauchdeckenstraffung-brustvergroesserung-in-einer-op-min.jpg\" alt=\"Bauchdeckenstraffung &amp; Brustvergr\u00f6\u00dferung in einer OP\" width=\"1000\" height=\"301\" srcset=\"https:\/\/drheclinic.com\/wp-content\/uploads\/2022\/04\/bauchdeckenstraffung-brustvergroesserung-in-einer-op-min.jpg 1000w, https:\/\/drheclinic.com\/wp-content\/uploads\/2022\/04\/bauchdeckenstraffung-brustvergroesserung-in-einer-op-min-300x90.jpg 300w, https:\/\/drheclinic.com\/wp-content\/uploads\/2022\/04\/bauchdeckenstraffung-brustvergroesserung-in-einer-op-min-768x231.jpg 768w, https:\/\/drheclinic.com\/wp-content\/uploads\/2022\/04\/bauchdeckenstraffung-brustvergroesserung-in-einer-op-min-680x205.jpg 680w, https:\/\/drheclinic.com\/wp-content\/uploads\/2022\/04\/bauchdeckenstraffung-brustvergroesserung-in-einer-op-min-453x136.jpg 453w, https:\/\/drheclinic.com\/wp-content\/uploads\/2022\/04\/bauchdeckenstraffung-brustvergroesserung-in-einer-op-min-906x273.jpg 906w, https:\/\/drheclinic.com\/wp-content\/uploads\/2022\/04\/bauchdeckenstraffung-brustvergroesserung-in-einer-op-min-340x102.jpg 340w\" sizes=\"(max-width: 1000px) 100vw, 1000px\" \/><figcaption id=\"caption-attachment-27374\" class=\"wp-caption-text\">Bauchdeckenstraffung &amp; Brustvergr\u00f6\u00dferung in einer OP<\/figcaption><\/figure>\n<p>Die <a href=\"https:\/\/drheclinic.com\/de\/brustvergroberung-istanbul-turkei\/\">Brustvergr\u00f6\u00dferung<\/a> ist ein chirurgischer Eingriff, die Gr\u00f6\u00dfe der Brust zu steigern und um die Brust straffer aussehen zu lassen.. Es ist eine der plastisch-chirurgischen Operationen mit den erfolgreichsten Ergebnissen. Brustvergr\u00f6\u00dferungen geh\u00f6ren weltweit zu den am h\u00e4ufigsten durchgef\u00fchrten \u00e4sthetischen Operationen. Abdominoplastik oder auch &#8222;<a href=\"https:\/\/drheclinic.com\/de\/bauchstraffung-kosten\/\">Bauchstraffung<\/a>&#8220; genannt, ist ein kosmetischer chirurgischer Eingriff, der durchgef\u00fchrt wird, um den Bauch d\u00fcnner und straffer zu gestalten. Bei der Operation werden der Bauchwandmuskel und die Faszien gestrafft, \u00fcbersch\u00fcssige Haut und Fettgewebe aus dem Mittel- und Unterbauch entfernt.<\/p>\n<p><strong>Wie ist der Genesungsprozess beider Operationen?<\/strong><\/p>\n<p>Ein weiteres interessantes Thema ist die Erholungsphase nach einer Bauchstraffung. Obwohl dieser Prozess je nach den Bedingungen der Operation unterschiedlich ist, werden Patienten im Allgemeinen nach 1-2 Tagen Krankenhausaufenthalt entlassen. Dar\u00fcber hinaus wird den Patienten empfohlen, nach einer Bauchdeckenstraffung ein spezielles Korsett zu tragen. Dank dieses Korsetts, das ca. 1 Monat ununterbrochen getragen wird, erreicht die Bauchregion die gew\u00fcnschte Form und die Effizienz der Operation steigt. Sie k\u00f6nnen ca. 3-4 Stunden nach der Operation mit Hilfe von jemandem aufstehen und gehen. Am n\u00e4chsten Tag der Operation k\u00f6nnen Sie ohne Unterst\u00fctzung langsam gehen. Aufgrund der Eingriffe und N\u00e4hte, die w\u00e4hrend der Operation am Bauch angebracht werden, kann es f\u00fcr kurze Zeit zu Schmerzen kommen. Obwohl diese Situation ganz nat\u00fcrlich ist, werden Ihnen die Schmerzmittel, die Ihnen Ihr Arzt verschreiben wird, an dieser Stelle zu Hilfe kommen.<\/p>\n<p>Schmerzen sind ein zu erwartender Zustand nach einer submuskul\u00e4ren Brustvergr\u00f6\u00dferung. Es tritt auf, weil die Prothese unter dem Brustmuskel platziert wird. Die Schmerzen werden am Ende der ersten Woche nach der Operation deutlich reduziert. Die Spannung der Brustprothese auf das umliegende Gewebe ist eine weitere Schmerzursache. Wenn die Brustprothese unter das Brustgewebe gelegt wird, sind die Schmerzen nach der Operation geringer. Das Spannungsgef\u00fchl ist st\u00e4rker ausgepr\u00e4gt. Das Einschr\u00e4nken der Schulter- und Armbewegungen f\u00fcr eine Weile kontrolliert die Schmerzbildung, indem der Brustmuskel locker gehalten wird.<\/p>\n<p><strong>Welche Risiken bestehen bei beiden Operationen?<\/strong><\/p>\n<p>Einen risikofreien Eingriff gibt es nicht. Die Bauchdeckenstraffung ist da leider keine Ausnahme. Infektionen, Wundheilungsst\u00f6rungen und Blutgerinnsel sind m\u00f6glich. Da letztere zu Gef\u00e4\u00dfverschl\u00fcssen f\u00fchren k\u00f6nnen, erhalten einige Patienten Anti-Thrombosespritzen, um sie bis zur vollst\u00e4ndigen Genesung zu sch\u00fctzen. Au\u00dferdem ist ein Taubheitsgef\u00fchl in der Bauchregion h\u00e4ufig, das aber in der Regel nach einiger Zeit von selbst wieder verschwindet. Falls sich in den entstandenen Hohlr\u00e4umen Wundsekret bildet, wird dieses \u00fcber Drainagen abgeleitet. Narben sind bei einer Bauchdeckenstraffung leider unvermeidlich, sie bilden sich jedoch mit der Zeit zur\u00fcck. Plastische Chirurgen setzen sie strategisch in der Bikinizone ein, damit sie nicht sichtbar sind.<\/p>\n<p>Auch die Brustvergr\u00f6\u00dferung birgt seine Risiken. Bluterg\u00fcsse und Blutungen sind h\u00e4ufige Nebenwirkungen. Infektionen k\u00f6nnen Probleme bei der Wundheilung verursachen. Blutgerinnsel k\u00f6nnen Blutgef\u00e4\u00dfe verstopfen (Thrombose) oder in die Lunge gelangen (Lungenembolie). Bei der Gabe von Medikamenten oder Narkosemitteln kann es zu Allergien und Unvertr\u00e4glichkeiten kommen. Wenn trotz aller Vorsichtsma\u00dfnahmen Bluttransfusionen erforderlich sind, kann eine Infektion nicht ausgeschlossen werden. Nach der Operation kann es zu Taubheitsgef\u00fchlen durch gequetschte Nerven oder andere Lageverletzungen kommen, die aber in der Regel wieder verschwinden.<\/p>\n<figure id=\"attachment_27418\" aria-describedby=\"caption-attachment-27418\" style=\"width: 300px\" class=\"wp-caption aligncenter\"><a href=\"https:\/\/drheclinic.com\/de\/bauchdeckenstraffung-vorher-nachher-bilder\/\"><img decoding=\"async\" class=\"size-medium wp-image-27418\" src=\"https:\/\/drheclinic.com\/wp-content\/uploads\/2022\/04\/tummy_tuck_beforeafter-min-300x300.png\" alt=\"Bauchdeckenstraffung Vorher-Nachher-Bilder\" width=\"300\" height=\"300\" srcset=\"https:\/\/drheclinic.com\/wp-content\/uploads\/2022\/04\/tummy_tuck_beforeafter-min-300x300.png 300w, https:\/\/drheclinic.com\/wp-content\/uploads\/2022\/04\/tummy_tuck_beforeafter-min-1024x1024.png 1024w, https:\/\/drheclinic.com\/wp-content\/uploads\/2022\/04\/tummy_tuck_beforeafter-min-150x150.png 150w, https:\/\/drheclinic.com\/wp-content\/uploads\/2022\/04\/tummy_tuck_beforeafter-min-768x768.png 768w, https:\/\/drheclinic.com\/wp-content\/uploads\/2022\/04\/tummy_tuck_beforeafter-min-680x680.png 680w, https:\/\/drheclinic.com\/wp-content\/uploads\/2022\/04\/tummy_tuck_beforeafter-min-453x453.png 453w, https:\/\/drheclinic.com\/wp-content\/uploads\/2022\/04\/tummy_tuck_beforeafter-min-906x906.png 906w, https:\/\/drheclinic.com\/wp-content\/uploads\/2022\/04\/tummy_tuck_beforeafter-min-340x340.png 340w, https:\/\/drheclinic.com\/wp-content\/uploads\/2022\/04\/tummy_tuck_beforeafter-min.png 1080w\" sizes=\"(max-width: 300px) 100vw, 300px\" \/><\/a><figcaption id=\"caption-attachment-27418\" class=\"wp-caption-text\">Bauchdeckenstraffung und Brustvergr\u00f6\u00dferung<\/figcaption><\/figure>\n<p>&nbsp;<\/p>\n<h2>Was kostet Brustvergr\u00f6\u00dferung und Bauchstraffung in Deutschland?<\/h2>\n<p>Die <a href=\"https:\/\/drheclinic.com\/de\/bauchstraffung-kosten\/\">Preise f\u00fcr eine Bauchdeckenstraffung<\/a> in Deutschland variieren je nach Krankenhaus, in dem die Operation durchgef\u00fchrt wird, sowie der Anzahl und dem Rahmen zus\u00e4tzlicher chirurgischer Eingriffe. Die Preise f\u00fcr eine Brustvergr\u00f6\u00dferung variieren je nach Anwendung und Rahmen der Anwendung. Zum Beispiel k\u00f6nnen die Preise f\u00fcr eine Brustvergr\u00f6\u00dferung variieren, wenn der gesamte K\u00f6rper oder das ganze Bein mit einer Fettinjektion in die Brust umgeformt werden soll. Um einen allgemeinen Preis f\u00fcr Deutschland zu nennen, ist dies in beiden Praxen f\u00fcr durchschnittlich 23.000 Euro m\u00f6glich.<\/p>\n<h2>Welches Land ist f\u00fcr beide Operationen am g\u00fcnstigsten?<\/h2>\n<p>Diese Frage k\u00f6nnen wir der T\u00fcrkei direkt beantworten, denn die T\u00fcrkei hat sich in letzter Zeit in diesen Bereichen verbessert und viele ausl\u00e4ndische Patienten aufgenommen. Das sorgt zwar f\u00fcr mehr Interesse, aber wir vergessen die Patienten nicht und bieten die g\u00fcnstigsten Preise. Um einen Gesamtpreis anzubieten, k\u00f6nnen Sie beide Operationen f\u00fcr 6.000,00 \u20ac in Anspruch nehmen.<\/p>\n<p>Wenn Sie einige Vorher-Nachher-Fotos der Brustvergr\u00f6\u00dferung sehen m\u00f6chten, k\u00f6nnen Sie dies <a href=\"https:\/\/drheclinic.com\/de\/brustvergroesserung-vorher-nachher-fotos\/\">hier tun<\/a>.<\/div>\n<p><!-- .vgblk-rw-wrapper --><\/p>\n","protected":false},"excerpt":{"rendered":"<p>Viele Menschen interessiert es, ob man Operationen in einem Durchlauf durchf\u00fchren kann, damit man nicht gleich zweimal eine Narkose bekommt und der Genesungsprozess einmalig durchgezogen werden kann. Eines davon ist die Bauchdeckenstraffung kombiniert mit einer Brustvergr\u00f6\u00dferungLeider wird von \u00c4rzten so eine Durchf\u00fchrung nicht empfohlen. Grund daf\u00fcr ist es, dass beide Operationen schwierig durchzuf\u00fchren sind. Der&#8230;<\/p>\n","protected":false},"author":1,"featured_media":0,"parent":0,"menu_order":0,"comment_status":"closed","ping_status":"closed","template":"","meta":{"inline_featured_image":false,"footnotes":""},"_links":{"self":[{"href":"https:\/\/drheclinic.com\/de\/wp-json\/wp\/v2\/pages\/22375"}],"collection":[{"href":"https:\/\/drheclinic.com\/de\/wp-json\/wp\/v2\/pages"}],"about":[{"href":"https:\/\/drheclinic.com\/de\/wp-json\/wp\/v2\/types\/page"}],"author":[{"embeddable":true,"href":"https:\/\/drheclinic.com\/de\/wp-json\/wp\/v2\/users\/1"}],"replies":[{"embeddable":true,"href":"https:\/\/drheclinic.com\/de\/wp-json\/wp\/v2\/comments?post=22375"}],"version-history":[{"count":0,"href":"https:\/\/drheclinic.com\/de\/wp-json\/wp\/v2\/pages\/22375\/revisions"}],"wp:attachment":[{"href":"https:\/\/drheclinic.com\/de\/wp-json\/wp\/v2\/media?parent=22375"}],"curies":[{"name":"wp","href":"https:\/\/api.w.org\/{rel}","templated":true}]}}