{"id":22365,"date":"2021-08-16T19:58:30","date_gmt":"2021-08-16T19:58:30","guid":{"rendered":"https:\/\/drheclinic.com\/?page_id=22365"},"modified":"2023-01-31T08:45:38","modified_gmt":"2023-01-31T08:45:38","slug":"mini-bauchdeckenstraffung","status":"publish","type":"page","link":"https:\/\/drheclinic.com\/de\/mini-bauchdeckenstraffung\/","title":{"rendered":"Mini-Bauchdeckenstraffung"},"content":{"rendered":"<div class=\"vgblk-rw-wrapper limit-wrapper\">Eine Mini-Bauchstraffung (auch Mini-Abdominoplastik oder partielle <a href=\"https:\/\/drheclinic.com\/de\/bauchstraffung\/\">Bauchdeckenstraffung<\/a> genannt) ist ein chirurgischer Eingriff, der \u00fcbersch\u00fcssige Haut entfernt und dem Bereich unter dem Bauchnabel ein glattes Aussehen verleiht. Es ist ein geeignetes Verfahren insbesondere f\u00fcr diejenigen, die die Kontur des Unterbauches korrigieren m\u00f6chten.<\/p>\n<p>Es kann auch mit einer Fettabsaugung zur Entfernung von \u00fcbersch\u00fcssigem Fett oder mit einer Brustvergr\u00f6\u00dferung oder einer Bruststraffung kombiniert werden.<\/p>\n<p>Die Bauchhaut erschlafft bei Menschen, die mehr als einmal entbunden haben oder viel zu- und abgenommen haben. Sie sind ein guter Kandidat f\u00fcr diese Operation, wenn Sie schlaffe Haut im Unterbauch haben oder die Narbe nach einem Kaiserschnitt korrigieren m\u00f6chten.<\/p>\n<p>Wenn sich eine Hautrolle \u00fcber Ihrer Taille bildet, wenn Sie Ihren unteren R\u00fccken beugen, oder wenn Sie eine erhebliche Muskelreparatur und -straffung ben\u00f6tigen, sind Sie wahrscheinlich ein besserer Kandidat f\u00fcr eine vollst\u00e4ndige Bauchdeckenstraffung.<\/p>\n<p>Eine Mini-Bauchdeckenstraffung wird normalerweise f\u00fcr Frauen durchgef\u00fchrt, aber es gibt auch einige M\u00e4nner, die sie brauchen.<\/p>\n<p>Einer der Vorteile der Mini-Bauchstraffung ist die L\u00e4nge des Schnitts (und damit der Narbe). Eine vollst\u00e4ndige Bauchstraffung erfordert einen Schnitt, der von der H\u00fcfte bis zum Ges\u00e4\u00df und um den Bauchnabel verl\u00e4uft, w\u00e4hrend eine Mini-Bauchstraffung eine k\u00fcrzere Narbe erzeugt. Diese Spur ist von au\u00dfen nicht sichtbar. Es bleibt in deiner Unterw\u00e4sche. Deshalb ist es unverst\u00e4ndlich, dass Sie eine Mini-Bauchdeckenstraffung von au\u00dfen hatten.<\/p>\n<figure id=\"attachment_27382\" aria-describedby=\"caption-attachment-27382\" style=\"width: 1000px\" class=\"wp-caption aligncenter\"><img decoding=\"async\" class=\"size-full wp-image-27382\" src=\"https:\/\/drheclinic.com\/wp-content\/uploads\/2022\/04\/mini-bauchdeckenstraffung-min.jpg\" alt=\"Mini-Bauchdeckenstraffung\" width=\"1000\" height=\"301\" srcset=\"https:\/\/drheclinic.com\/wp-content\/uploads\/2022\/04\/mini-bauchdeckenstraffung-min.jpg 1000w, https:\/\/drheclinic.com\/wp-content\/uploads\/2022\/04\/mini-bauchdeckenstraffung-min-300x90.jpg 300w, https:\/\/drheclinic.com\/wp-content\/uploads\/2022\/04\/mini-bauchdeckenstraffung-min-768x231.jpg 768w, https:\/\/drheclinic.com\/wp-content\/uploads\/2022\/04\/mini-bauchdeckenstraffung-min-680x205.jpg 680w, https:\/\/drheclinic.com\/wp-content\/uploads\/2022\/04\/mini-bauchdeckenstraffung-min-453x136.jpg 453w, https:\/\/drheclinic.com\/wp-content\/uploads\/2022\/04\/mini-bauchdeckenstraffung-min-906x273.jpg 906w, https:\/\/drheclinic.com\/wp-content\/uploads\/2022\/04\/mini-bauchdeckenstraffung-min-340x102.jpg 340w\" sizes=\"(max-width: 1000px) 100vw, 1000px\" \/><figcaption id=\"caption-attachment-27382\" class=\"wp-caption-text\">Mini-Bauchdeckenstraffung<\/figcaption><\/figure>\n<h2>Wie macht man eine Mini-Bauchdeckenstraffung?<\/h2>\n<ul>\n<li>Vor der Operation wird eine Fettabsaugung an Taille und Bauch durchgef\u00fchrt.<\/li>\n<li>W\u00e4hrend des Eingriffs wird bei Bedarf entsprechend der K\u00f6rperstruktur des Patienten auch eine Fettspritze in das Ges\u00e4\u00df aufgetragen.<\/li>\n<li>Danach wird ein Schnitt so kurz wie der Kaiserschnitt gemacht, gerade genug, um unter der Unterw\u00e4sche zu sein.<\/li>\n<li>Nachdem die Haut im Bauch von der Bauchdecke bis zum Nabel angehoben wurde, werden die gelockerten Bauchmuskeln zusammengen\u00e4ht und der untere Teil der Bauchdecke gestrafft.<\/li>\n<li>Nach dem Eingriff wird die \u00fcbersch\u00fcssige Haut unter dem Bauchnabel entfernt. Bei Hautschlaffheit oberhalb des Bauchnabels werden auch die Muskeln oberhalb des Bauchnabels zusammengen\u00e4ht.<\/li>\n<li>Nach der Operation werden sowohl der obere als auch der untere Nabelschnitt mit einem kleinen Schnitt gestrafft.<\/li>\n<\/ul>\n<p>Bei der Untersuchung vor der Mini-Bauchstraffung werden der Fettanteil im Bauchraum, die Fettverteilung, der Grad der Erschlaffung und \u00dcberschuss der Haut im Unterbauch und die Qualit\u00e4t der Haut \u00fcberpr\u00fcft. Bei der ersten Untersuchung sollten Sie sich bei Ihrem Arzt, der die Mini-Bauchdeckenstraffung durchf\u00fchrt, \u00fcber Ihren aktuellen Gesundheitszustand informieren. Wenn ja, sollten Sie Ihre chronische Erkrankung (Diabetes, Herz), Vorerkrankungen, Alkohol- oder Zigarettensucht und die Medikamente, die Sie regelm\u00e4\u00dfig einnehmen (Blutverd\u00fcnner, Beruhigungsmittel) mit Ihrem Arzt besprechen. Vor der Mini-Bauchstraffung wird eine Fettabsaugung an Taille und Bauch durchgef\u00fchrt. Wenn der Patient es braucht, kann das Fett aus der Taille und dem Bauch in den Po Bereich der Person injiziert werden und es werden mehr geschwungene K\u00f6rperlinien erstellt.<\/p>\n<h2>Was sind die Risiken einer Mini-Bauchdeckenstraffung?<\/h2>\n<p>Alle chirurgischen Verfahren bergen einige Unsicherheiten und <a href=\"https:\/\/drheclinic.com\/de\/bauchstraffung\/komplikationen-und-risiken\/\">Risiken<\/a>. Hunderte von Bauchdeckenstraffungen werden jedes Jahr erfolgreich durchgef\u00fchrt. Diese Operation f\u00fchrt zu sehr guten Ergebnissen in den H\u00e4nden eines plastischen Chirurgen, der Erfahrung in der Formgebung des K\u00f6rpers hat. Es gibt jedoch Risiken im Zusammenhang mit der An\u00e4sthesie, die bei allen chirurgischen Eingriffen zu sehen sind, und es bestehen besondere Risiken, die mit dieser Operation verbunden sind.<\/p>\n<p>Besondere Risiken, die nach einer Bauchdeckenstraffung auftreten k\u00f6nnen, sind Wundinfektionen, Ansammlung von Blut oder K\u00f6rperfl\u00fcssigkeiten an der Operationsstelle, Blutgerinnsel und schlechte Wundheilung. Wundinfektionen k\u00f6nnen mit Drainage und Antibiotika behandelt werden. Obwohl die Ansammlung von Blut oder K\u00f6rperfl\u00fcssigkeit im Operationsfeld aufgrund der w\u00e4hrend der Operation gelegten Drainagen selten zu sehen ist, wird sie bei Bedarf mit einem zweiten Eingriff entfernt.<\/p>\n<p>Mini-Bauchdeckenstraffungen machen sowohl den Patienten als auch den Arzt gl\u00fccklich \u00fcber dauerhafte Ergebnisse. Wenn die Patientin jedoch nach der Operation \u00fcberm\u00e4\u00dfig an Gewicht zunimmt oder schwanger wird, gehen die Ergebnisse der Operation etwas zur\u00fcck, aber die Patientin kehrt nie in den pr\u00e4operativen Zustand zur\u00fcck. Es ist m\u00f6glich, nach der Operation schwanger zu werden. Die Operation wird jedoch nicht f\u00fcr Patientinnen empfohlen, die kurz nach der Operation eine Schwangerschaft planen. Denn w\u00e4hrend der Schwangerschaft dehnt sich die Bauchdecke aus und dehnt sich.<\/p>\n<h2>Die Erholungsphase nach einer Mini-Bauchdeckenstraffung<\/h2>\n<figure id=\"attachment_27541\" aria-describedby=\"caption-attachment-27541\" style=\"width: 866px\" class=\"wp-caption aligncenter\"><img decoding=\"async\" class=\"size-full wp-image-27541\" src=\"https:\/\/drheclinic.com\/wp-content\/uploads\/2022\/04\/die-erholungsphase-nach-einer-mini-bauchdeckenstraffung-min.jpg\" alt=\"Die Erholungsphase nach einer Mini-Bauchdeckenstraffung\" width=\"866\" height=\"500\" srcset=\"https:\/\/drheclinic.com\/wp-content\/uploads\/2022\/04\/die-erholungsphase-nach-einer-mini-bauchdeckenstraffung-min.jpg 866w, https:\/\/drheclinic.com\/wp-content\/uploads\/2022\/04\/die-erholungsphase-nach-einer-mini-bauchdeckenstraffung-min-300x173.jpg 300w, https:\/\/drheclinic.com\/wp-content\/uploads\/2022\/04\/die-erholungsphase-nach-einer-mini-bauchdeckenstraffung-min-768x443.jpg 768w, https:\/\/drheclinic.com\/wp-content\/uploads\/2022\/04\/die-erholungsphase-nach-einer-mini-bauchdeckenstraffung-min-680x393.jpg 680w, https:\/\/drheclinic.com\/wp-content\/uploads\/2022\/04\/die-erholungsphase-nach-einer-mini-bauchdeckenstraffung-min-453x262.jpg 453w, https:\/\/drheclinic.com\/wp-content\/uploads\/2022\/04\/die-erholungsphase-nach-einer-mini-bauchdeckenstraffung-min-340x196.jpg 340w\" sizes=\"(max-width: 866px) 100vw, 866px\" \/><figcaption id=\"caption-attachment-27541\" class=\"wp-caption-text\">Die Erholungsphase nach einer Mini-Bauchdeckenstraffung<\/figcaption><\/figure>\n<p>2 Stunden nach der Operation isst der Patient und steht auf. Der Patient wird noch am selben Tag entlassen und kann nach Hause zur\u00fcckkehren. In der Nacht nach der Operation kann der Patient auf der Seite liegen. Nach 24 Stunden k\u00f6nnen Sie duschen, und Sie m\u00fcssen nicht n\u00e4hen, da sich alle N\u00e4hte unter der Haut selbst aufl\u00f6sen. 3 Tage nach dieser Operation kehrt der Patient zu seinem normalen Leben zur\u00fcck. Nach 3 Wochen kann er mit leichten sportlichen Aktivit\u00e4ten au\u00dfer Bauchbewegungen beginnen und nach 6 Wochen kann er mit allen sportlichen Aktivit\u00e4ten beginnen.<\/p>\n<p>In den ersten Tagen nach einer Bauchdeckenstraffung ist der Bauch angeschwollen. Es ist auch normal, Schmerzen und Beschwerden zu versp\u00fcren, die durch die Einnahme von Medikamenten gelindert werden k\u00f6nnen. Drainagen, die w\u00e4hrend der Operation gelegt werden, sind normalerweise 3-5. in Tagen freigegeben. Je nach durchgef\u00fchrtem chirurgischem Eingriff bleibt man im Krankenhaus, selten einige Tage.<\/p>\n<p><figure id=\"attachment_27418\" aria-describedby=\"caption-attachment-27418\" style=\"width: 300px\" class=\"wp-caption aligncenter\"><a href=\"https:\/\/drheclinic.com\/de\/bauchdeckenstraffung-vorher-nachher-bilder\/\"><img decoding=\"async\" class=\"size-medium wp-image-27418\" src=\"https:\/\/drheclinic.com\/wp-content\/uploads\/2022\/04\/tummy_tuck_beforeafter-min-300x300.png\" alt=\"Bauchdeckenstraffung Vorher-Nachher-Bilder\" width=\"300\" height=\"300\" srcset=\"https:\/\/drheclinic.com\/wp-content\/uploads\/2022\/04\/tummy_tuck_beforeafter-min-300x300.png 300w, https:\/\/drheclinic.com\/wp-content\/uploads\/2022\/04\/tummy_tuck_beforeafter-min-1024x1024.png 1024w, https:\/\/drheclinic.com\/wp-content\/uploads\/2022\/04\/tummy_tuck_beforeafter-min-150x150.png 150w, https:\/\/drheclinic.com\/wp-content\/uploads\/2022\/04\/tummy_tuck_beforeafter-min-768x768.png 768w, https:\/\/drheclinic.com\/wp-content\/uploads\/2022\/04\/tummy_tuck_beforeafter-min-680x680.png 680w, https:\/\/drheclinic.com\/wp-content\/uploads\/2022\/04\/tummy_tuck_beforeafter-min-453x453.png 453w, https:\/\/drheclinic.com\/wp-content\/uploads\/2022\/04\/tummy_tuck_beforeafter-min-906x906.png 906w, https:\/\/drheclinic.com\/wp-content\/uploads\/2022\/04\/tummy_tuck_beforeafter-min-340x340.png 340w, https:\/\/drheclinic.com\/wp-content\/uploads\/2022\/04\/tummy_tuck_beforeafter-min.png 1080w\" sizes=\"(max-width: 300px) 100vw, 300px\" \/><\/a><figcaption id=\"caption-attachment-27418\" class=\"wp-caption-text\">Bauchdeckenstraffung Vorher-Nachher-Bilder<\/figcaption><\/figure><\/div>\n<p><!-- .vgblk-rw-wrapper --><\/p>\n","protected":false},"excerpt":{"rendered":"<p>Eine Mini-Bauchstraffung (auch Mini-Abdominoplastik oder partielle Bauchdeckenstraffung genannt) ist ein chirurgischer Eingriff, der \u00fcbersch\u00fcssige Haut entfernt und dem Bereich unter dem Bauchnabel ein glattes Aussehen verleiht. Es ist ein geeignetes Verfahren insbesondere f\u00fcr diejenigen, die die Kontur des Unterbauches korrigieren m\u00f6chten. Es kann auch mit einer Fettabsaugung zur Entfernung von \u00fcbersch\u00fcssigem Fett oder mit einer&#8230;<\/p>\n","protected":false},"author":1,"featured_media":0,"parent":0,"menu_order":0,"comment_status":"closed","ping_status":"closed","template":"","meta":{"inline_featured_image":false,"footnotes":""},"_links":{"self":[{"href":"https:\/\/drheclinic.com\/de\/wp-json\/wp\/v2\/pages\/22365"}],"collection":[{"href":"https:\/\/drheclinic.com\/de\/wp-json\/wp\/v2\/pages"}],"about":[{"href":"https:\/\/drheclinic.com\/de\/wp-json\/wp\/v2\/types\/page"}],"author":[{"embeddable":true,"href":"https:\/\/drheclinic.com\/de\/wp-json\/wp\/v2\/users\/1"}],"replies":[{"embeddable":true,"href":"https:\/\/drheclinic.com\/de\/wp-json\/wp\/v2\/comments?post=22365"}],"version-history":[{"count":0,"href":"https:\/\/drheclinic.com\/de\/wp-json\/wp\/v2\/pages\/22365\/revisions"}],"wp:attachment":[{"href":"https:\/\/drheclinic.com\/de\/wp-json\/wp\/v2\/media?parent=22365"}],"curies":[{"name":"wp","href":"https:\/\/api.w.org\/{rel}","templated":true}]}}