{"id":19341,"date":"2021-05-29T17:35:29","date_gmt":"2021-05-29T17:35:29","guid":{"rendered":"https:\/\/drheclinic.com\/?page_id=19341"},"modified":"2021-05-29T17:40:43","modified_gmt":"2021-05-29T17:40:43","slug":"blog","status":"publish","type":"page","link":"https:\/\/drheclinic.com\/de\/blog\/","title":{"rendered":"Blog"},"content":{"rendered":"\t\t<div data-elementor-type=\"wp-page\" data-elementor-id=\"19341\" class=\"elementor elementor-19341\" data-elementor-post-type=\"page\">\n\t\t\t\t\t\t<div class=\"elementor-inner\">\n\t\t\t\t<div class=\"elementor-section-wrap\">\n\t\t\t\t\t\t\t\t\t<section class=\"elementor-section elementor-top-section elementor-element elementor-element-c4b7323 elementor-section-boxed elementor-section-height-default elementor-section-height-default\" data-id=\"c4b7323\" data-element_type=\"section\">\n\t\t\t\t\t\t<div class=\"elementor-container elementor-column-gap-default\">\n\t\t\t\t\t\t\t<div class=\"elementor-row\">\n\t\t\t\t\t<div class=\"elementor-column elementor-col-100 elementor-top-column elementor-element elementor-element-4883fcf\" data-id=\"4883fcf\" data-element_type=\"column\">\n\t\t\t<div class=\"elementor-column-wrap elementor-element-populated\">\n\t\t\t\t\t\t\t<div class=\"elementor-widget-wrap\">\n\t\t\t\t\t\t<div class=\"elementor-element elementor-element-6c5ccbc elementor-grid-3 elementor-grid-tablet-2 elementor-grid-mobile-1 elementor-posts--thumbnail-top elementor-posts--show-avatar elementor-card-shadow-yes elementor-posts__hover-gradient elementor-widget elementor-widget-posts\" data-id=\"6c5ccbc\" data-element_type=\"widget\" data-settings=\"{&quot;cards_masonry&quot;:&quot;yes&quot;,&quot;cards_columns&quot;:&quot;3&quot;,&quot;cards_columns_tablet&quot;:&quot;2&quot;,&quot;cards_columns_mobile&quot;:&quot;1&quot;,&quot;cards_row_gap&quot;:{&quot;unit&quot;:&quot;px&quot;,&quot;size&quot;:35,&quot;sizes&quot;:[]},&quot;cards_row_gap_tablet&quot;:{&quot;unit&quot;:&quot;px&quot;,&quot;size&quot;:&quot;&quot;,&quot;sizes&quot;:[]},&quot;cards_row_gap_mobile&quot;:{&quot;unit&quot;:&quot;px&quot;,&quot;size&quot;:&quot;&quot;,&quot;sizes&quot;:[]}}\" data-widget_type=\"posts.cards\">\n\t\t\t\t<div class=\"elementor-widget-container\">\n\t\t\t\t\t<div class=\"elementor-posts-container elementor-posts elementor-posts--skin-cards elementor-grid\">\n\t\t\t\t<article class=\"elementor-post elementor-grid-item post-46270 post type-post status-publish format-standard has-post-thumbnail hentry category-unkategorisiert\">\n\t\t\t<div class=\"elementor-post__card\">\n\t\t\t\t<a class=\"elementor-post__thumbnail__link\" href=\"https:\/\/drheclinic.com\/de\/wie-sie-ihr-wunschgewicht-auf-gesunde-weise-erreichen-koennen\/\" tabindex=\"-1\" ><div class=\"elementor-post__thumbnail\"><img width=\"776\" height=\"373\" src=\"https:\/\/drheclinic.com\/wp-content\/uploads\/2025\/02\/wie-sie-ihr-wunschgewicht-auf-gesunde-weise-erreichen-koennen.webp\" class=\"attachment-large size-large wp-image-46406\" alt=\"Wie Sie Ihr Wunschgewicht auf gesunde Weise erreichen k\u00f6nnen\" decoding=\"async\" srcset=\"https:\/\/drheclinic.com\/wp-content\/uploads\/2025\/02\/wie-sie-ihr-wunschgewicht-auf-gesunde-weise-erreichen-koennen.webp 776w, https:\/\/drheclinic.com\/wp-content\/uploads\/2025\/02\/wie-sie-ihr-wunschgewicht-auf-gesunde-weise-erreichen-koennen-300x144.webp 300w, https:\/\/drheclinic.com\/wp-content\/uploads\/2025\/02\/wie-sie-ihr-wunschgewicht-auf-gesunde-weise-erreichen-koennen-768x369.webp 768w\" sizes=\"(max-width: 776px) 100vw, 776px\" \/><\/div><\/a>\n\t\t\t\t<div class=\"elementor-post__badge\">Unkategorisiert<\/div>\n\t\t\t\t<div class=\"elementor-post__avatar\">\n\t\t\t<img alt='Dr. HE Clinic' src='https:\/\/secure.gravatar.com\/avatar\/4c3d30db18c7e79e27be78c175b7c0a6?s=128&#038;d=mm&#038;r=g' srcset='https:\/\/secure.gravatar.com\/avatar\/4c3d30db18c7e79e27be78c175b7c0a6?s=256&#038;d=mm&#038;r=g 2x' class='avatar avatar-128 photo' height='128' width='128' decoding='async'\/>\t\t<\/div>\n\t\t\t\t<div class=\"elementor-post__text\">\n\t\t\t\t<h3 class=\"elementor-post__title\">\n\t\t\t<a href=\"https:\/\/drheclinic.com\/de\/wie-sie-ihr-wunschgewicht-auf-gesunde-weise-erreichen-koennen\/\" >\n\t\t\t\tWie Sie Ihr Wunschgewicht auf gesunde Weise erreichen k\u00f6nnen\t\t\t<\/a>\n\t\t<\/h3>\n\t\t\t\t<div class=\"elementor-post__excerpt\">\n\t\t\t<p>Das Streben nach einem gesunden K\u00f6rpergewicht ist ein Ziel, das viele Menschen motiviert, ges\u00fcndere Lebensgewohnheiten zu entwickeln. Doch w\u00e4hrend viele Menschen schnelle L\u00f6sungen und Di\u00e4ten<\/p>\n\t\t<\/div>\n\t\t\t\t<\/div>\n\t\t\t\t\t<\/div>\n\t\t<\/article>\n\t\t\t\t<article class=\"elementor-post elementor-grid-item post-46259 post type-post status-publish format-standard has-post-thumbnail hentry category-unkategorisiert\">\n\t\t\t<div class=\"elementor-post__card\">\n\t\t\t\t<a class=\"elementor-post__thumbnail__link\" href=\"https:\/\/drheclinic.com\/de\/was-sie-tun-koennen-um-ihr-immunsystem-zu-staerken\/\" tabindex=\"-1\" ><div class=\"elementor-post__thumbnail\"><img width=\"776\" height=\"373\" src=\"https:\/\/drheclinic.com\/wp-content\/uploads\/2025\/02\/was-sie-tun-koennen-um-ihr-immunsystem-zu-staerken.webp\" class=\"attachment-large size-large wp-image-46403\" alt=\"Was Sie tun k\u00f6nnen, um Ihr Immunsystem zu st\u00e4rken\" decoding=\"async\" srcset=\"https:\/\/drheclinic.com\/wp-content\/uploads\/2025\/02\/was-sie-tun-koennen-um-ihr-immunsystem-zu-staerken.webp 776w, https:\/\/drheclinic.com\/wp-content\/uploads\/2025\/02\/was-sie-tun-koennen-um-ihr-immunsystem-zu-staerken-300x144.webp 300w, https:\/\/drheclinic.com\/wp-content\/uploads\/2025\/02\/was-sie-tun-koennen-um-ihr-immunsystem-zu-staerken-768x369.webp 768w\" sizes=\"(max-width: 776px) 100vw, 776px\" \/><\/div><\/a>\n\t\t\t\t<div class=\"elementor-post__badge\">Unkategorisiert<\/div>\n\t\t\t\t<div class=\"elementor-post__avatar\">\n\t\t\t<img alt='Dr. HE Clinic' src='https:\/\/secure.gravatar.com\/avatar\/4c3d30db18c7e79e27be78c175b7c0a6?s=128&#038;d=mm&#038;r=g' srcset='https:\/\/secure.gravatar.com\/avatar\/4c3d30db18c7e79e27be78c175b7c0a6?s=256&#038;d=mm&#038;r=g 2x' class='avatar avatar-128 photo' height='128' width='128' decoding='async'\/>\t\t<\/div>\n\t\t\t\t<div class=\"elementor-post__text\">\n\t\t\t\t<h3 class=\"elementor-post__title\">\n\t\t\t<a href=\"https:\/\/drheclinic.com\/de\/was-sie-tun-koennen-um-ihr-immunsystem-zu-staerken\/\" >\n\t\t\t\tWas Sie tun k\u00f6nnen, um Ihr Immunsystem zu st\u00e4rken\t\t\t<\/a>\n\t\t<\/h3>\n\t\t\t\t<div class=\"elementor-post__excerpt\">\n\t\t\t<p>Es gibt verschiedene Gr\u00fcnde, warum Menschen nach einer Operation an Gewicht zunehmen k\u00f6nnen. Einige der h\u00e4ufigsten Ursachen sind: Verminderte Aktivit\u00e4t: Nach einer Operation m\u00fcssen sich<\/p>\n\t\t<\/div>\n\t\t\t\t<\/div>\n\t\t\t\t\t<\/div>\n\t\t<\/article>\n\t\t\t\t<article class=\"elementor-post elementor-grid-item post-42958 post type-post status-publish format-standard has-post-thumbnail hentry category-unkategorisiert\">\n\t\t\t<div class=\"elementor-post__card\">\n\t\t\t\t<a class=\"elementor-post__thumbnail__link\" href=\"https:\/\/drheclinic.com\/de\/warum-nimmt-man-nach-einer-op-zu\/\" tabindex=\"-1\" ><div class=\"elementor-post__thumbnail\"><img width=\"1000\" height=\"301\" src=\"https:\/\/drheclinic.com\/wp-content\/uploads\/2024\/04\/warum-nimmt-man-nach-einer-op-zu.webp\" class=\"attachment-large size-large wp-image-43452\" alt=\"Warum Nimmt Man Nach Einer Op Zu?\" decoding=\"async\" srcset=\"https:\/\/drheclinic.com\/wp-content\/uploads\/2024\/04\/warum-nimmt-man-nach-einer-op-zu.webp 1000w, https:\/\/drheclinic.com\/wp-content\/uploads\/2024\/04\/warum-nimmt-man-nach-einer-op-zu-300x90.webp 300w, https:\/\/drheclinic.com\/wp-content\/uploads\/2024\/04\/warum-nimmt-man-nach-einer-op-zu-768x231.webp 768w\" sizes=\"(max-width: 1000px) 100vw, 1000px\" \/><\/div><\/a>\n\t\t\t\t<div class=\"elementor-post__badge\">Unkategorisiert<\/div>\n\t\t\t\t<div class=\"elementor-post__avatar\">\n\t\t\t<img alt='Dr. HE Clinic' src='https:\/\/secure.gravatar.com\/avatar\/4c3d30db18c7e79e27be78c175b7c0a6?s=128&#038;d=mm&#038;r=g' srcset='https:\/\/secure.gravatar.com\/avatar\/4c3d30db18c7e79e27be78c175b7c0a6?s=256&#038;d=mm&#038;r=g 2x' class='avatar avatar-128 photo' height='128' width='128' decoding='async'\/>\t\t<\/div>\n\t\t\t\t<div class=\"elementor-post__text\">\n\t\t\t\t<h3 class=\"elementor-post__title\">\n\t\t\t<a href=\"https:\/\/drheclinic.com\/de\/warum-nimmt-man-nach-einer-op-zu\/\" >\n\t\t\t\tWarum Nimmt Man Nach Einer Op Zu?\t\t\t<\/a>\n\t\t<\/h3>\n\t\t\t\t<div class=\"elementor-post__excerpt\">\n\t\t\t<p>Es gibt verschiedene Gr\u00fcnde, warum Menschen nach einer Operation an Gewicht zunehmen k\u00f6nnen. Einige der h\u00e4ufigsten Ursachen sind: Verminderte Aktivit\u00e4t: Nach einer Operation m\u00fcssen sich<\/p>\n\t\t<\/div>\n\t\t\t\t<\/div>\n\t\t\t\t\t<\/div>\n\t\t<\/article>\n\t\t\t\t<article class=\"elementor-post elementor-grid-item post-42107 post type-post status-publish format-standard has-post-thumbnail hentry category-unkategorisiert\">\n\t\t\t<div class=\"elementor-post__card\">\n\t\t\t\t<a class=\"elementor-post__thumbnail__link\" href=\"https:\/\/drheclinic.com\/de\/wie-schmerzen-nach-abdominoplasty-zu-reduzieren\/\" tabindex=\"-1\" ><div class=\"elementor-post__thumbnail\"><img width=\"1000\" height=\"301\" src=\"https:\/\/drheclinic.com\/wp-content\/uploads\/2024\/02\/wie-schmerzen-nach-abdominoplasty-zu-reduzieren.webp\" class=\"attachment-large size-large wp-image-42381\" alt=\"Wie Schmerzen nach Abdominoplasty zu reduzieren?\" decoding=\"async\" srcset=\"https:\/\/drheclinic.com\/wp-content\/uploads\/2024\/02\/wie-schmerzen-nach-abdominoplasty-zu-reduzieren.webp 1000w, https:\/\/drheclinic.com\/wp-content\/uploads\/2024\/02\/wie-schmerzen-nach-abdominoplasty-zu-reduzieren-300x90.webp 300w, https:\/\/drheclinic.com\/wp-content\/uploads\/2024\/02\/wie-schmerzen-nach-abdominoplasty-zu-reduzieren-768x231.webp 768w\" sizes=\"(max-width: 1000px) 100vw, 1000px\" \/><\/div><\/a>\n\t\t\t\t<div class=\"elementor-post__badge\">Unkategorisiert<\/div>\n\t\t\t\t<div class=\"elementor-post__avatar\">\n\t\t\t<img alt='Dr. HE Clinic' src='https:\/\/secure.gravatar.com\/avatar\/4c3d30db18c7e79e27be78c175b7c0a6?s=128&#038;d=mm&#038;r=g' srcset='https:\/\/secure.gravatar.com\/avatar\/4c3d30db18c7e79e27be78c175b7c0a6?s=256&#038;d=mm&#038;r=g 2x' class='avatar avatar-128 photo' height='128' width='128' decoding='async'\/>\t\t<\/div>\n\t\t\t\t<div class=\"elementor-post__text\">\n\t\t\t\t<h3 class=\"elementor-post__title\">\n\t\t\t<a href=\"https:\/\/drheclinic.com\/de\/wie-schmerzen-nach-abdominoplasty-zu-reduzieren\/\" >\n\t\t\t\tWie Schmerzen nach Abdominoplasty zu reduzieren?\t\t\t<\/a>\n\t\t<\/h3>\n\t\t\t\t<div class=\"elementor-post__excerpt\">\n\t\t\t<p>Um Schmerzen nach einer Abdominoplastik (Bauchdeckenstraffung) zu reduzieren, gibt es mehrere Strategien, die Patienten vor, w\u00e4hrend und nach der Operation anwenden k\u00f6nnen. Diese Ma\u00dfnahmen k\u00f6nnen<\/p>\n\t\t<\/div>\n\t\t\t\t<\/div>\n\t\t\t\t\t<\/div>\n\t\t<\/article>\n\t\t\t\t<article class=\"elementor-post elementor-grid-item post-42103 post type-post status-publish format-standard has-post-thumbnail hentry category-unkategorisiert\">\n\t\t\t<div class=\"elementor-post__card\">\n\t\t\t\t<a class=\"elementor-post__thumbnail__link\" href=\"https:\/\/drheclinic.com\/de\/kann-man-eine-gynaekomastie-durch-training-beseitigen\/\" tabindex=\"-1\" ><div class=\"elementor-post__thumbnail\"><img width=\"1000\" height=\"301\" src=\"https:\/\/drheclinic.com\/wp-content\/uploads\/2024\/02\/kann-man-eine-gynakomastie-durch-training-beseitigen.webp\" class=\"attachment-large size-large wp-image-42377\" alt=\"Kann man eine Gyn\u00e4komastie durch Training beseitigen?\" decoding=\"async\" srcset=\"https:\/\/drheclinic.com\/wp-content\/uploads\/2024\/02\/kann-man-eine-gynakomastie-durch-training-beseitigen.webp 1000w, https:\/\/drheclinic.com\/wp-content\/uploads\/2024\/02\/kann-man-eine-gynakomastie-durch-training-beseitigen-300x90.webp 300w, https:\/\/drheclinic.com\/wp-content\/uploads\/2024\/02\/kann-man-eine-gynakomastie-durch-training-beseitigen-768x231.webp 768w\" sizes=\"(max-width: 1000px) 100vw, 1000px\" \/><\/div><\/a>\n\t\t\t\t<div class=\"elementor-post__badge\">Unkategorisiert<\/div>\n\t\t\t\t<div class=\"elementor-post__avatar\">\n\t\t\t<img alt='Dr. HE Clinic' src='https:\/\/secure.gravatar.com\/avatar\/4c3d30db18c7e79e27be78c175b7c0a6?s=128&#038;d=mm&#038;r=g' srcset='https:\/\/secure.gravatar.com\/avatar\/4c3d30db18c7e79e27be78c175b7c0a6?s=256&#038;d=mm&#038;r=g 2x' class='avatar avatar-128 photo' height='128' width='128' decoding='async'\/>\t\t<\/div>\n\t\t\t\t<div class=\"elementor-post__text\">\n\t\t\t\t<h3 class=\"elementor-post__title\">\n\t\t\t<a href=\"https:\/\/drheclinic.com\/de\/kann-man-eine-gynaekomastie-durch-training-beseitigen\/\" >\n\t\t\t\tKann man eine Gyn\u00e4komastie durch Training beseitigen?\t\t\t<\/a>\n\t\t<\/h3>\n\t\t\t\t<div class=\"elementor-post__excerpt\">\n\t\t\t<p>Gyn\u00e4komastie, eine Vergr\u00f6\u00dferung des Brustgewebes bei M\u00e4nnern, kann durch verschiedene Faktoren verursacht werden, einschlie\u00dflich hormoneller Ungleichgewichte, \u00dcbergewicht, dem Gebrauch bestimmter Medikamente oder Drogen sowie gesundheitlicher<\/p>\n\t\t<\/div>\n\t\t\t\t<\/div>\n\t\t\t\t\t<\/div>\n\t\t<\/article>\n\t\t\t\t<article class=\"elementor-post elementor-grid-item post-42080 post type-post status-publish format-standard has-post-thumbnail hentry category-brustvergroesserung\">\n\t\t\t<div class=\"elementor-post__card\">\n\t\t\t\t<a class=\"elementor-post__thumbnail__link\" href=\"https:\/\/drheclinic.com\/de\/brustvergroesserung-mit-oder-ohne-eigenfett\/\" tabindex=\"-1\" ><div class=\"elementor-post__thumbnail\"><img width=\"1000\" height=\"301\" src=\"https:\/\/drheclinic.com\/wp-content\/uploads\/2024\/02\/brustvergroserung-mit-oder-ohne-eigenfett.webp\" class=\"attachment-large size-large wp-image-42374\" alt=\"Brustvergr\u00f6\u00dferung mit oder ohne Eigenfett?\" decoding=\"async\" srcset=\"https:\/\/drheclinic.com\/wp-content\/uploads\/2024\/02\/brustvergroserung-mit-oder-ohne-eigenfett.webp 1000w, https:\/\/drheclinic.com\/wp-content\/uploads\/2024\/02\/brustvergroserung-mit-oder-ohne-eigenfett-300x90.webp 300w, https:\/\/drheclinic.com\/wp-content\/uploads\/2024\/02\/brustvergroserung-mit-oder-ohne-eigenfett-768x231.webp 768w\" sizes=\"(max-width: 1000px) 100vw, 1000px\" \/><\/div><\/a>\n\t\t\t\t<div class=\"elementor-post__badge\">Brustvergr\u00f6\u00dferung<\/div>\n\t\t\t\t<div class=\"elementor-post__avatar\">\n\t\t\t<img alt='Dr. HE Clinic' src='https:\/\/secure.gravatar.com\/avatar\/4c3d30db18c7e79e27be78c175b7c0a6?s=128&#038;d=mm&#038;r=g' srcset='https:\/\/secure.gravatar.com\/avatar\/4c3d30db18c7e79e27be78c175b7c0a6?s=256&#038;d=mm&#038;r=g 2x' class='avatar avatar-128 photo' height='128' width='128' decoding='async'\/>\t\t<\/div>\n\t\t\t\t<div class=\"elementor-post__text\">\n\t\t\t\t<h3 class=\"elementor-post__title\">\n\t\t\t<a href=\"https:\/\/drheclinic.com\/de\/brustvergroesserung-mit-oder-ohne-eigenfett\/\" >\n\t\t\t\tBrustvergr\u00f6\u00dferung mit oder ohne Eigenfett?\t\t\t<\/a>\n\t\t<\/h3>\n\t\t\t\t<div class=\"elementor-post__excerpt\">\n\t\t\t<p>Die Entscheidung zwischen einer Brustvergr\u00f6\u00dferung mit Implantaten oder mit Eigenfett h\u00e4ngt von verschiedenen Faktoren ab, einschlie\u00dflich der gew\u00fcnschten Ergebnisse, der individuellen K\u00f6rperstruktur und der pers\u00f6nlichen<\/p>\n\t\t<\/div>\n\t\t\t\t<\/div>\n\t\t\t\t\t<\/div>\n\t\t<\/article>\n\t\t\t\t<article class=\"elementor-post elementor-grid-item post-24041 post type-post status-publish format-standard has-post-thumbnail hentry category-mommy-makeover\">\n\t\t\t<div class=\"elementor-post__card\">\n\t\t\t\t<a class=\"elementor-post__thumbnail__link\" href=\"https:\/\/drheclinic.com\/de\/wie-lange-dauert-der-genesungsprozess-nach-einer-mommy-makeover\/\" tabindex=\"-1\" ><div class=\"elementor-post__thumbnail\"><img width=\"1000\" height=\"301\" src=\"https:\/\/drheclinic.com\/wp-content\/uploads\/2021\/09\/wie-lange-dauert-der-genesungsprozess-nach-einer-mommy-makeover.jpeg\" class=\"attachment-large size-large wp-image-24257\" alt=\"wie-lange-dauert-der-genesungsprozess-nach-einer-mommy-makeover\" decoding=\"async\" srcset=\"https:\/\/drheclinic.com\/wp-content\/uploads\/2021\/09\/wie-lange-dauert-der-genesungsprozess-nach-einer-mommy-makeover.jpeg 1000w, https:\/\/drheclinic.com\/wp-content\/uploads\/2021\/09\/wie-lange-dauert-der-genesungsprozess-nach-einer-mommy-makeover-300x90.jpeg 300w, https:\/\/drheclinic.com\/wp-content\/uploads\/2021\/09\/wie-lange-dauert-der-genesungsprozess-nach-einer-mommy-makeover-768x231.jpeg 768w, https:\/\/drheclinic.com\/wp-content\/uploads\/2021\/09\/wie-lange-dauert-der-genesungsprozess-nach-einer-mommy-makeover-680x205.jpeg 680w, https:\/\/drheclinic.com\/wp-content\/uploads\/2021\/09\/wie-lange-dauert-der-genesungsprozess-nach-einer-mommy-makeover-453x136.jpeg 453w, https:\/\/drheclinic.com\/wp-content\/uploads\/2021\/09\/wie-lange-dauert-der-genesungsprozess-nach-einer-mommy-makeover-906x273.jpeg 906w, https:\/\/drheclinic.com\/wp-content\/uploads\/2021\/09\/wie-lange-dauert-der-genesungsprozess-nach-einer-mommy-makeover-340x102.jpeg 340w\" sizes=\"(max-width: 1000px) 100vw, 1000px\" \/><\/div><\/a>\n\t\t\t\t<div class=\"elementor-post__badge\">Mommy Makeover<\/div>\n\t\t\t\t<div class=\"elementor-post__avatar\">\n\t\t\t<img alt='Dr. HE Clinic' src='https:\/\/secure.gravatar.com\/avatar\/4c3d30db18c7e79e27be78c175b7c0a6?s=128&#038;d=mm&#038;r=g' srcset='https:\/\/secure.gravatar.com\/avatar\/4c3d30db18c7e79e27be78c175b7c0a6?s=256&#038;d=mm&#038;r=g 2x' class='avatar avatar-128 photo' height='128' width='128' decoding='async'\/>\t\t<\/div>\n\t\t\t\t<div class=\"elementor-post__text\">\n\t\t\t\t<h3 class=\"elementor-post__title\">\n\t\t\t<a href=\"https:\/\/drheclinic.com\/de\/wie-lange-dauert-der-genesungsprozess-nach-einer-mommy-makeover\/\" >\n\t\t\t\tWie lange dauert der Genesungsprozess nach einer Mommy Makeover?\t\t\t<\/a>\n\t\t<\/h3>\n\t\t\t\t<div class=\"elementor-post__excerpt\">\n\t\t\t<p>Nach der Operation werden die Patienten 1 oder 2 Tage im Krankenhaus beobachtet. Patienten, die nach der Operation fr\u00fch mit dem Laufen beginnen, tragen 1<\/p>\n\t\t<\/div>\n\t\t\t\t<\/div>\n\t\t\t\t\t<\/div>\n\t\t<\/article>\n\t\t\t\t<article class=\"elementor-post elementor-grid-item post-24039 post type-post status-publish format-standard has-post-thumbnail hentry category-fettabsaugung-2\">\n\t\t\t<div class=\"elementor-post__card\">\n\t\t\t\t<a class=\"elementor-post__thumbnail__link\" href=\"https:\/\/drheclinic.com\/de\/wie-lange-dauert-der-genesungsprozess-nach-einer-fettabsaugung\/\" tabindex=\"-1\" ><div class=\"elementor-post__thumbnail\"><img width=\"1000\" height=\"301\" src=\"https:\/\/drheclinic.com\/wp-content\/uploads\/2021\/09\/wie-lange-dauert-der-genesungsprozess-nach-einer-fettabsaugung.jpeg\" class=\"attachment-large size-large wp-image-24261\" alt=\"wie-lange-dauert-der-genesungsprozess-nach-einer-fettabsaugung\" decoding=\"async\" srcset=\"https:\/\/drheclinic.com\/wp-content\/uploads\/2021\/09\/wie-lange-dauert-der-genesungsprozess-nach-einer-fettabsaugung.jpeg 1000w, https:\/\/drheclinic.com\/wp-content\/uploads\/2021\/09\/wie-lange-dauert-der-genesungsprozess-nach-einer-fettabsaugung-300x90.jpeg 300w, https:\/\/drheclinic.com\/wp-content\/uploads\/2021\/09\/wie-lange-dauert-der-genesungsprozess-nach-einer-fettabsaugung-768x231.jpeg 768w, https:\/\/drheclinic.com\/wp-content\/uploads\/2021\/09\/wie-lange-dauert-der-genesungsprozess-nach-einer-fettabsaugung-680x205.jpeg 680w, https:\/\/drheclinic.com\/wp-content\/uploads\/2021\/09\/wie-lange-dauert-der-genesungsprozess-nach-einer-fettabsaugung-453x136.jpeg 453w, https:\/\/drheclinic.com\/wp-content\/uploads\/2021\/09\/wie-lange-dauert-der-genesungsprozess-nach-einer-fettabsaugung-906x273.jpeg 906w, https:\/\/drheclinic.com\/wp-content\/uploads\/2021\/09\/wie-lange-dauert-der-genesungsprozess-nach-einer-fettabsaugung-340x102.jpeg 340w\" sizes=\"(max-width: 1000px) 100vw, 1000px\" \/><\/div><\/a>\n\t\t\t\t<div class=\"elementor-post__badge\">Fettabsaugung<\/div>\n\t\t\t\t<div class=\"elementor-post__avatar\">\n\t\t\t<img alt='Dr. HE Clinic' src='https:\/\/secure.gravatar.com\/avatar\/4c3d30db18c7e79e27be78c175b7c0a6?s=128&#038;d=mm&#038;r=g' srcset='https:\/\/secure.gravatar.com\/avatar\/4c3d30db18c7e79e27be78c175b7c0a6?s=256&#038;d=mm&#038;r=g 2x' class='avatar avatar-128 photo' height='128' width='128' decoding='async'\/>\t\t<\/div>\n\t\t\t\t<div class=\"elementor-post__text\">\n\t\t\t\t<h3 class=\"elementor-post__title\">\n\t\t\t<a href=\"https:\/\/drheclinic.com\/de\/wie-lange-dauert-der-genesungsprozess-nach-einer-fettabsaugung\/\" >\n\t\t\t\tWie lange dauert der Genesungsprozess nach einer Fettabsaugung?\t\t\t<\/a>\n\t\t<\/h3>\n\t\t\t\t<div class=\"elementor-post__excerpt\">\n\t\t\t<p>Wie lange dauert der Genesungsprozess nach einer Fettabsaug ung;\u00a0 Diese Operation schr\u00e4nkt Ihr t\u00e4gliches Leben nicht stark ein. Nach 1 Tag Ruhe f\u00fchlen Sie sich<\/p>\n\t\t<\/div>\n\t\t\t\t<\/div>\n\t\t\t\t\t<\/div>\n\t\t<\/article>\n\t\t\t\t<article class=\"elementor-post elementor-grid-item post-24037 post type-post status-publish format-standard has-post-thumbnail hentry category-brustverkleinerung\">\n\t\t\t<div class=\"elementor-post__card\">\n\t\t\t\t<a class=\"elementor-post__thumbnail__link\" href=\"https:\/\/drheclinic.com\/de\/wie-lange-dauert-der-genesungsprozess-nach-einer-brustverkleinerung\/\" tabindex=\"-1\" ><div class=\"elementor-post__thumbnail\"><img width=\"1000\" height=\"301\" src=\"https:\/\/drheclinic.com\/wp-content\/uploads\/2021\/09\/wie-lange-dauert-der-genesungsprozess-nach-einer-brustverkleinerung.jpeg\" class=\"attachment-large size-large wp-image-24265\" alt=\"wie-lange-dauert-der-genesungsprozess-nach-einer-brustverkleinerung\" decoding=\"async\" srcset=\"https:\/\/drheclinic.com\/wp-content\/uploads\/2021\/09\/wie-lange-dauert-der-genesungsprozess-nach-einer-brustverkleinerung.jpeg 1000w, https:\/\/drheclinic.com\/wp-content\/uploads\/2021\/09\/wie-lange-dauert-der-genesungsprozess-nach-einer-brustverkleinerung-300x90.jpeg 300w, https:\/\/drheclinic.com\/wp-content\/uploads\/2021\/09\/wie-lange-dauert-der-genesungsprozess-nach-einer-brustverkleinerung-768x231.jpeg 768w, https:\/\/drheclinic.com\/wp-content\/uploads\/2021\/09\/wie-lange-dauert-der-genesungsprozess-nach-einer-brustverkleinerung-680x205.jpeg 680w, https:\/\/drheclinic.com\/wp-content\/uploads\/2021\/09\/wie-lange-dauert-der-genesungsprozess-nach-einer-brustverkleinerung-453x136.jpeg 453w, https:\/\/drheclinic.com\/wp-content\/uploads\/2021\/09\/wie-lange-dauert-der-genesungsprozess-nach-einer-brustverkleinerung-906x273.jpeg 906w, https:\/\/drheclinic.com\/wp-content\/uploads\/2021\/09\/wie-lange-dauert-der-genesungsprozess-nach-einer-brustverkleinerung-340x102.jpeg 340w\" sizes=\"(max-width: 1000px) 100vw, 1000px\" \/><\/div><\/a>\n\t\t\t\t<div class=\"elementor-post__badge\">Brustverkleinerung<\/div>\n\t\t\t\t<div class=\"elementor-post__avatar\">\n\t\t\t<img alt='Dr. HE Clinic' src='https:\/\/secure.gravatar.com\/avatar\/4c3d30db18c7e79e27be78c175b7c0a6?s=128&#038;d=mm&#038;r=g' srcset='https:\/\/secure.gravatar.com\/avatar\/4c3d30db18c7e79e27be78c175b7c0a6?s=256&#038;d=mm&#038;r=g 2x' class='avatar avatar-128 photo' height='128' width='128' decoding='async'\/>\t\t<\/div>\n\t\t\t\t<div class=\"elementor-post__text\">\n\t\t\t\t<h3 class=\"elementor-post__title\">\n\t\t\t<a href=\"https:\/\/drheclinic.com\/de\/wie-lange-dauert-der-genesungsprozess-nach-einer-brustverkleinerung\/\" >\n\t\t\t\tWie lange dauert der Genesungsprozess nach einer Brustverkleinerung?\t\t\t<\/a>\n\t\t<\/h3>\n\t\t\t\t<div class=\"elementor-post__excerpt\">\n\t\t\t<p>Wie lange dauert der Genesungsprozess nach einer Brustverkleinerung Die Tatsache, dass die Br\u00fcste gr\u00f6\u00dfer sind, als sie sein sollten, verursacht bei Frauen erhebliche gesundheitliche Probleme.<\/p>\n\t\t<\/div>\n\t\t\t\t<\/div>\n\t\t\t\t\t<\/div>\n\t\t<\/article>\n\t\t\t\t<\/div>\n\t\t\n\t\t\t\t<\/div>\n\t\t\t\t<\/div>\n\t\t\t\t<div class=\"elementor-element elementor-element-20242b6 elementor-widget elementor-widget-spacer\" data-id=\"20242b6\" data-element_type=\"widget\" data-widget_type=\"spacer.default\">\n\t\t\t\t<div class=\"elementor-widget-container\">\n\t\t\t\t\t<div class=\"elementor-spacer\">\n\t\t\t<div class=\"elementor-spacer-inner\"><\/div>\n\t\t<\/div>\n\t\t\t\t<\/div>\n\t\t\t\t<\/div>\n\t\t\t\t\t\t<\/div>\n\t\t\t\t\t<\/div>\n\t\t<\/div>\n\t\t\t\t\t\t\t\t<\/div>\n\t\t\t\t\t<\/div>\n\t\t<\/section>\n\t\t\t\t\t\t\t\t\t<\/div>\n\t\t\t<\/div>\n\t\t\t\t\t<\/div>\n\t\t","protected":false},"excerpt":{"rendered":"","protected":false},"author":1,"featured_media":0,"parent":0,"menu_order":0,"comment_status":"close","ping_status":"closed","template":"","meta":{"inline_featured_image":false,"footnotes":""},"_links":{"self":[{"href":"https:\/\/drheclinic.com\/de\/wp-json\/wp\/v2\/pages\/19341"}],"collection":[{"href":"https:\/\/drheclinic.com\/de\/wp-json\/wp\/v2\/pages"}],"about":[{"href":"https:\/\/drheclinic.com\/de\/wp-json\/wp\/v2\/types\/page"}],"author":[{"embeddable":true,"href":"https:\/\/drheclinic.com\/de\/wp-json\/wp\/v2\/users\/1"}],"replies":[{"embeddable":true,"href":"https:\/\/drheclinic.com\/de\/wp-json\/wp\/v2\/comments?post=19341"}],"version-history":[{"count":0,"href":"https:\/\/drheclinic.com\/de\/wp-json\/wp\/v2\/pages\/19341\/revisions"}],"wp:attachment":[{"href":"https:\/\/drheclinic.com\/de\/wp-json\/wp\/v2\/media?parent=19341"}],"curies":[{"name":"wp","href":"https:\/\/api.w.org\/{rel}","templated":true}]}}